{"id":1443,"date":"2021-05-11T09:48:31","date_gmt":"2021-05-11T07:48:31","guid":{"rendered":"https:\/\/piccolo-ponte.hr\/restoran\/"},"modified":"2021-07-09T16:44:16","modified_gmt":"2021-07-09T14:44:16","slug":"restaurant","status":"publish","type":"page","link":"https:\/\/piccolo-ponte.hr\/de\/restaurant\/","title":{"rendered":"Restaurant"},"content":{"rendered":"\r\n<p style=\"text-align: center;\">Piccolo Ponte ist ein Familienrestaurant, untergebracht im blo\u00dfen Zentrum des UNESCO Kulturerbes der Stadt Trogir.<br \/>Das Restaurant hat seine T\u00fcren zum ersten Mal 2011 nach langj\u00e4hriger Berufserfahrung des Eigent\u00fcmers in Italien (Ravenna) ge\u00f6ffnet.<br \/>Das ruhige Ambiente im Stadtzentrum gew\u00e4hrleistet unseren G\u00e4sten eine entspannende Atmosph\u00e4re.<br \/>Der pr\u00e4chtige Kleinpark im Hintergrund des Restaurants bietet eine Gr\u00fcn-Oase in den Steinstra\u00dfen Trogirs.<br \/>Eine Entfernung von nur 60 Metern von der Riviera gew\u00e4hrleistet Ruhe, wiederum aber auch eine zug\u00e4ngliche Entfernung von allen Aktivit\u00e4ten in der Stadt.<br \/>F\u00fcr unsere j\u00fcngsten G\u00e4ste ist der Spielplatz 50 Meter vom Restaurant entfernt.<\/p>\r\n","protected":false},"excerpt":{"rendered":"<p>Piccolo Ponte ist ein Familienrestaurant, untergebracht im blo\u00dfen Zentrum des UNESCO Kulturerbes der Stadt Trogir.Das Restaurant hat seine T\u00fcren zum ersten Mal 2011 nach langj\u00e4hriger Berufserfahrung des Eigent\u00fcmers in Italien (Ravenna) ge\u00f6ffnet.Das ruhige Ambiente im Stadtzentrum gew\u00e4hrleistet unseren G\u00e4sten eine entspannende Atmosph\u00e4re.Der pr\u00e4chtige Kleinpark im Hintergrund des Restaurants bietet eine Gr\u00fcn-Oase in den Steinstra\u00dfen Trogirs.Eine [&hellip;]<\/p>\n","protected":false},"author":2,"featured_media":0,"parent":0,"menu_order":0,"comment_status":"closed","ping_status":"closed","template":"page-restaurant.php","meta":{"_acf_changed":false,"footnotes":""},"class_list":["post-1443","page","type-page","status-publish","hentry"],"acf":[],"yoast_head":"<!-- This site is optimized with the Yoast SEO plugin v27.2 - https:\/\/yoast.com\/product\/yoast-seo-wordpress\/ -->\n<title>Familienrestaurant Piccolo Ponte<\/title>\n<meta name=\"description\" content=\"Das Familienrestaurant im blo\u00dfen Zentrum des UNESCO Kulturerbes der Stadt Trogir. Das ruhige Ambiente im Stadtzentrum liegt nur 60 Meter von der Riviera Trogirs entfernt.\" \/>\n<meta name=\"robots\" content=\"index, follow, max-snippet:-1, max-image-preview:large, max-video-preview:-1\" \/>\n<link rel=\"canonical\" href=\"https:\/\/piccolo-ponte.hr\/de\/restaurant\/\" \/>\n<meta property=\"og:locale\" content=\"de_DE\" \/>\n<meta property=\"og:type\" content=\"article\" \/>\n<meta property=\"og:title\" content=\"Familienrestaurant Piccolo Ponte\" \/>\n<meta property=\"og:description\" content=\"Das Familienrestaurant im blo\u00dfen Zentrum des UNESCO Kulturerbes der Stadt Trogir. Das ruhige Ambiente im Stadtzentrum liegt nur 60 Meter von der Riviera Trogirs entfernt.\" \/>\n<meta property=\"og:url\" content=\"https:\/\/piccolo-ponte.hr\/de\/restaurant\/\" \/>\n<meta property=\"og:site_name\" content=\"Restoran Piccolo Ponte\" \/>\n<meta property=\"article:publisher\" content=\"https:\/\/www.facebook.com\/piccoloponte.restaurant\/\" \/>\n<meta property=\"article:modified_time\" content=\"2021-07-09T14:44:16+00:00\" \/>\n<meta property=\"og:image\" content=\"https:\/\/piccolo-ponte.hr\/wp-content\/uploads\/2021\/05\/0754fd38-04dd-49cb-a4c4-0d947e4a75a8.jpg\" \/>\n\t<meta property=\"og:image:width\" content=\"777\" \/>\n\t<meta property=\"og:image:height\" content=\"777\" \/>\n\t<meta property=\"og:image:type\" content=\"image\/jpeg\" \/>\n<meta name=\"twitter:card\" content=\"summary_large_image\" \/>\n<meta name=\"twitter:title\" content=\"Familienrestaurant Piccolo Ponte\" \/>\n<meta name=\"twitter:description\" content=\"Das Familienrestaurant im blo\u00dfen Zentrum des UNESCO Kulturerbes der Stadt Trogir. Das ruhige Ambiente im Stadtzentrum liegt nur 60 Meter von der Riviera Trogirs entfernt.\" \/>\n<meta name=\"twitter:image\" content=\"https:\/\/piccolo-ponte.hr\/wp-content\/uploads\/2021\/05\/0754fd38-04dd-49cb-a4c4-0d947e4a75a8.jpg\" \/>\n<meta name=\"twitter:label1\" content=\"Gesch\u00e4tzte Lesezeit\" \/>\n\t<meta name=\"twitter:data1\" content=\"1\u00a0Minute\" \/>\n<script type=\"application\/ld+json\" class=\"yoast-schema-graph\">{\"@context\":\"https:\/\/schema.org\",\"@graph\":[{\"@type\":\"WebPage\",\"@id\":\"https:\/\/piccolo-ponte.hr\/de\/restaurant\/\",\"url\":\"https:\/\/piccolo-ponte.hr\/de\/restaurant\/\",\"name\":\"Familienrestaurant Piccolo Ponte\",\"isPartOf\":{\"@id\":\"https:\/\/piccolo-ponte.hr\/#website\"},\"datePublished\":\"2021-05-11T07:48:31+00:00\",\"dateModified\":\"2021-07-09T14:44:16+00:00\",\"description\":\"Das Familienrestaurant im blo\u00dfen Zentrum des UNESCO Kulturerbes der Stadt Trogir. Das ruhige Ambiente im Stadtzentrum liegt nur 60 Meter von der Riviera Trogirs entfernt.\",\"breadcrumb\":{\"@id\":\"https:\/\/piccolo-ponte.hr\/de\/restaurant\/#breadcrumb\"},\"inLanguage\":\"de\",\"potentialAction\":[{\"@type\":\"ReadAction\",\"target\":[\"https:\/\/piccolo-ponte.hr\/de\/restaurant\/\"]}]},{\"@type\":\"BreadcrumbList\",\"@id\":\"https:\/\/piccolo-ponte.hr\/de\/restaurant\/#breadcrumb\",\"itemListElement\":[{\"@type\":\"ListItem\",\"position\":1,\"name\":\"Po\u010detna stranica\",\"item\":\"https:\/\/piccolo-ponte.hr\/de\/\"},{\"@type\":\"ListItem\",\"position\":2,\"name\":\"Restaurant\"}]},{\"@type\":\"WebSite\",\"@id\":\"https:\/\/piccolo-ponte.hr\/#website\",\"url\":\"https:\/\/piccolo-ponte.hr\/\",\"name\":\"Restoran Piccolo Ponte\",\"description\":\"\",\"potentialAction\":[{\"@type\":\"SearchAction\",\"target\":{\"@type\":\"EntryPoint\",\"urlTemplate\":\"https:\/\/piccolo-ponte.hr\/?s={search_term_string}\"},\"query-input\":{\"@type\":\"PropertyValueSpecification\",\"valueRequired\":true,\"valueName\":\"search_term_string\"}}],\"inLanguage\":\"de\"}]}<\/script>\n<!-- \/ Yoast SEO plugin. -->","yoast_head_json":{"title":"Familienrestaurant Piccolo Ponte","description":"Das Familienrestaurant im blo\u00dfen Zentrum des UNESCO Kulturerbes der Stadt Trogir. Das ruhige Ambiente im Stadtzentrum liegt nur 60 Meter von der Riviera Trogirs entfernt.","robots":{"index":"index","follow":"follow","max-snippet":"max-snippet:-1","max-image-preview":"max-image-preview:large","max-video-preview":"max-video-preview:-1"},"canonical":"https:\/\/piccolo-ponte.hr\/de\/restaurant\/","og_locale":"de_DE","og_type":"article","og_title":"Familienrestaurant Piccolo Ponte","og_description":"Das Familienrestaurant im blo\u00dfen Zentrum des UNESCO Kulturerbes der Stadt Trogir. Das ruhige Ambiente im Stadtzentrum liegt nur 60 Meter von der Riviera Trogirs entfernt.","og_url":"https:\/\/piccolo-ponte.hr\/de\/restaurant\/","og_site_name":"Restoran Piccolo Ponte","article_publisher":"https:\/\/www.facebook.com\/piccoloponte.restaurant\/","article_modified_time":"2021-07-09T14:44:16+00:00","og_image":[{"width":777,"height":777,"url":"https:\/\/piccolo-ponte.hr\/wp-content\/uploads\/2021\/05\/0754fd38-04dd-49cb-a4c4-0d947e4a75a8.jpg","type":"image\/jpeg"}],"twitter_card":"summary_large_image","twitter_title":"Familienrestaurant Piccolo Ponte","twitter_description":"Das Familienrestaurant im blo\u00dfen Zentrum des UNESCO Kulturerbes der Stadt Trogir. Das ruhige Ambiente im Stadtzentrum liegt nur 60 Meter von der Riviera Trogirs entfernt.","twitter_image":"https:\/\/piccolo-ponte.hr\/wp-content\/uploads\/2021\/05\/0754fd38-04dd-49cb-a4c4-0d947e4a75a8.jpg","twitter_misc":{"Gesch\u00e4tzte Lesezeit":"1\u00a0Minute"},"schema":{"@context":"https:\/\/schema.org","@graph":[{"@type":"WebPage","@id":"https:\/\/piccolo-ponte.hr\/de\/restaurant\/","url":"https:\/\/piccolo-ponte.hr\/de\/restaurant\/","name":"Familienrestaurant Piccolo Ponte","isPartOf":{"@id":"https:\/\/piccolo-ponte.hr\/#website"},"datePublished":"2021-05-11T07:48:31+00:00","dateModified":"2021-07-09T14:44:16+00:00","description":"Das Familienrestaurant im blo\u00dfen Zentrum des UNESCO Kulturerbes der Stadt Trogir. Das ruhige Ambiente im Stadtzentrum liegt nur 60 Meter von der Riviera Trogirs entfernt.","breadcrumb":{"@id":"https:\/\/piccolo-ponte.hr\/de\/restaurant\/#breadcrumb"},"inLanguage":"de","potentialAction":[{"@type":"ReadAction","target":["https:\/\/piccolo-ponte.hr\/de\/restaurant\/"]}]},{"@type":"BreadcrumbList","@id":"https:\/\/piccolo-ponte.hr\/de\/restaurant\/#breadcrumb","itemListElement":[{"@type":"ListItem","position":1,"name":"Po\u010detna stranica","item":"https:\/\/piccolo-ponte.hr\/de\/"},{"@type":"ListItem","position":2,"name":"Restaurant"}]},{"@type":"WebSite","@id":"https:\/\/piccolo-ponte.hr\/#website","url":"https:\/\/piccolo-ponte.hr\/","name":"Restoran Piccolo Ponte","description":"","potentialAction":[{"@type":"SearchAction","target":{"@type":"EntryPoint","urlTemplate":"https:\/\/piccolo-ponte.hr\/?s={search_term_string}"},"query-input":{"@type":"PropertyValueSpecification","valueRequired":true,"valueName":"search_term_string"}}],"inLanguage":"de"}]}},"_links":{"self":[{"href":"https:\/\/piccolo-ponte.hr\/de\/wp-json\/wp\/v2\/pages\/1443","targetHints":{"allow":["GET"]}}],"collection":[{"href":"https:\/\/piccolo-ponte.hr\/de\/wp-json\/wp\/v2\/pages"}],"about":[{"href":"https:\/\/piccolo-ponte.hr\/de\/wp-json\/wp\/v2\/types\/page"}],"author":[{"embeddable":true,"href":"https:\/\/piccolo-ponte.hr\/de\/wp-json\/wp\/v2\/users\/2"}],"replies":[{"embeddable":true,"href":"https:\/\/piccolo-ponte.hr\/de\/wp-json\/wp\/v2\/comments?post=1443"}],"version-history":[{"count":5,"href":"https:\/\/piccolo-ponte.hr\/de\/wp-json\/wp\/v2\/pages\/1443\/revisions"}],"predecessor-version":[{"id":2228,"href":"https:\/\/piccolo-ponte.hr\/de\/wp-json\/wp\/v2\/pages\/1443\/revisions\/2228"}],"wp:attachment":[{"href":"https:\/\/piccolo-ponte.hr\/de\/wp-json\/wp\/v2\/media?parent=1443"}],"curies":[{"name":"wp","href":"https:\/\/api.w.org\/{rel}","templated":true}]}}