{"id":2048,"date":"2021-05-11T09:49:13","date_gmt":"2021-05-11T07:49:13","guid":{"rendered":"https:\/\/piccolo-ponte.hr\/lokacija\/"},"modified":"2021-06-25T13:31:58","modified_gmt":"2021-06-25T11:31:58","slug":"standort","status":"publish","type":"page","link":"https:\/\/piccolo-ponte.hr\/de\/standort\/","title":{"rendered":"Standort"},"content":{"rendered":"\r\n<p>Das Restaurant \u201ePiccolo Ponte\u201c liegt im Herzen der historischen Stadt Trogir, deren Altstadtkern Teil des UNESCO Verzeichnisses der Denkm\u00e4ler des Weltkulturerbes ist. Der Restaurant-Betrieb begann 2011 und befindet sich im ruhigen Ambiente im Stadtzentrum, nur 60 m von der Riviera entfernt. Es verf\u00fcgt \u00fcber 90 Sitzpl\u00e4tze, bedacht mit einem gro\u00dfen Sonnenschirm von 100 m2, wobei sich hinter dem Restaurant ein pr\u00e4chtiger Kleinpark befindet. Besuchen Sie \u201ePiccolo Ponte\u201c, um die hervorragenden Delikatessen und autochthonen Spezialit\u00e4ten zu genie\u00dfen, sowie um den bezaubernden Geist Dalmatiens und des pr\u00e4chtigen, romantischen Trogirs zu genie\u00dfen.<\/p>\r\n","protected":false},"excerpt":{"rendered":"<p>Das Restaurant \u201ePiccolo Ponte\u201c liegt im Herzen der historischen Stadt Trogir, deren Altstadtkern Teil des UNESCO Verzeichnisses der Denkm\u00e4ler des Weltkulturerbes ist. Der Restaurant-Betrieb begann 2011 und befindet sich im ruhigen Ambiente im Stadtzentrum, nur 60 m von der Riviera entfernt. Es verf\u00fcgt \u00fcber 90 Sitzpl\u00e4tze, bedacht mit einem gro\u00dfen Sonnenschirm von 100 m2, wobei [&hellip;]<\/p>\n","protected":false},"author":2,"featured_media":0,"parent":0,"menu_order":0,"comment_status":"closed","ping_status":"closed","template":"page-lokacija.php","meta":{"_acf_changed":false,"footnotes":""},"class_list":["post-2048","page","type-page","status-publish","hentry"],"acf":[],"yoast_head":"<!-- This site is optimized with the Yoast SEO plugin v27.2 - https:\/\/yoast.com\/product\/yoast-seo-wordpress\/ -->\n<title>Standort Trogir - Familienrestaurant Piccolo Ponte<\/title>\n<meta name=\"description\" content=\"Das Restaurant \u201ePiccolo Ponte\u201c liegt im Herzen der historischen Stadt Trogir, deren Altstadtkern Teil des UNESCO Verzeichnisses der Denkm\u00e4ler des Weltkulturerbes ist.\" \/>\n<meta name=\"robots\" content=\"index, follow, max-snippet:-1, max-image-preview:large, max-video-preview:-1\" \/>\n<link rel=\"canonical\" href=\"https:\/\/piccolo-ponte.hr\/de\/standort\/\" \/>\n<meta property=\"og:locale\" content=\"de_DE\" \/>\n<meta property=\"og:type\" content=\"article\" \/>\n<meta property=\"og:title\" content=\"Standort Trogir - Familienrestaurant Piccolo Ponte\" \/>\n<meta property=\"og:description\" content=\"Das Restaurant \u201ePiccolo Ponte\u201c liegt im Herzen der historischen Stadt Trogir, deren Altstadtkern Teil des UNESCO Verzeichnisses der Denkm\u00e4ler des Weltkulturerbes ist.\" \/>\n<meta property=\"og:url\" content=\"https:\/\/piccolo-ponte.hr\/de\/standort\/\" \/>\n<meta property=\"og:site_name\" content=\"Restoran Piccolo Ponte\" \/>\n<meta property=\"article:publisher\" content=\"https:\/\/www.facebook.com\/piccoloponte.restaurant\/\" \/>\n<meta property=\"article:modified_time\" content=\"2021-06-25T11:31:58+00:00\" \/>\n<meta property=\"og:image\" content=\"https:\/\/piccolo-ponte.hr\/wp-content\/uploads\/2021\/05\/trogir.jpg\" \/>\n\t<meta property=\"og:image:width\" content=\"2048\" \/>\n\t<meta property=\"og:image:height\" content=\"1366\" \/>\n\t<meta property=\"og:image:type\" content=\"image\/jpeg\" \/>\n<meta name=\"twitter:card\" content=\"summary_large_image\" \/>\n<meta name=\"twitter:title\" content=\"Standort Trogir - Familienrestaurant Piccolo Ponte\" \/>\n<meta name=\"twitter:description\" content=\"Das Restaurant \u201ePiccolo Ponte\u201c liegt im Herzen der historischen Stadt Trogir, deren Altstadtkern Teil des UNESCO Verzeichnisses der Denkm\u00e4ler des Weltkulturerbes ist.\" \/>\n<meta name=\"twitter:image\" content=\"https:\/\/piccolo-ponte.hr\/wp-content\/uploads\/2021\/05\/trogir.jpg\" \/>\n<meta name=\"twitter:label1\" content=\"Gesch\u00e4tzte Lesezeit\" \/>\n\t<meta name=\"twitter:data1\" content=\"1\u00a0Minute\" \/>\n<script type=\"application\/ld+json\" class=\"yoast-schema-graph\">{\"@context\":\"https:\/\/schema.org\",\"@graph\":[{\"@type\":\"WebPage\",\"@id\":\"https:\/\/piccolo-ponte.hr\/de\/standort\/\",\"url\":\"https:\/\/piccolo-ponte.hr\/de\/standort\/\",\"name\":\"Standort Trogir - Familienrestaurant Piccolo Ponte\",\"isPartOf\":{\"@id\":\"https:\/\/piccolo-ponte.hr\/#website\"},\"datePublished\":\"2021-05-11T07:49:13+00:00\",\"dateModified\":\"2021-06-25T11:31:58+00:00\",\"description\":\"Das Restaurant \u201ePiccolo Ponte\u201c liegt im Herzen der historischen Stadt Trogir, deren Altstadtkern Teil des UNESCO Verzeichnisses der Denkm\u00e4ler des Weltkulturerbes ist.\",\"breadcrumb\":{\"@id\":\"https:\/\/piccolo-ponte.hr\/de\/standort\/#breadcrumb\"},\"inLanguage\":\"de\",\"potentialAction\":[{\"@type\":\"ReadAction\",\"target\":[\"https:\/\/piccolo-ponte.hr\/de\/standort\/\"]}]},{\"@type\":\"BreadcrumbList\",\"@id\":\"https:\/\/piccolo-ponte.hr\/de\/standort\/#breadcrumb\",\"itemListElement\":[{\"@type\":\"ListItem\",\"position\":1,\"name\":\"Po\u010detna stranica\",\"item\":\"https:\/\/piccolo-ponte.hr\/de\/\"},{\"@type\":\"ListItem\",\"position\":2,\"name\":\"Standort\"}]},{\"@type\":\"WebSite\",\"@id\":\"https:\/\/piccolo-ponte.hr\/#website\",\"url\":\"https:\/\/piccolo-ponte.hr\/\",\"name\":\"Restoran Piccolo Ponte\",\"description\":\"\",\"potentialAction\":[{\"@type\":\"SearchAction\",\"target\":{\"@type\":\"EntryPoint\",\"urlTemplate\":\"https:\/\/piccolo-ponte.hr\/?s={search_term_string}\"},\"query-input\":{\"@type\":\"PropertyValueSpecification\",\"valueRequired\":true,\"valueName\":\"search_term_string\"}}],\"inLanguage\":\"de\"}]}<\/script>\n<!-- \/ Yoast SEO plugin. -->","yoast_head_json":{"title":"Standort Trogir - Familienrestaurant Piccolo Ponte","description":"Das Restaurant \u201ePiccolo Ponte\u201c liegt im Herzen der historischen Stadt Trogir, deren Altstadtkern Teil des UNESCO Verzeichnisses der Denkm\u00e4ler des Weltkulturerbes ist.","robots":{"index":"index","follow":"follow","max-snippet":"max-snippet:-1","max-image-preview":"max-image-preview:large","max-video-preview":"max-video-preview:-1"},"canonical":"https:\/\/piccolo-ponte.hr\/de\/standort\/","og_locale":"de_DE","og_type":"article","og_title":"Standort Trogir - Familienrestaurant Piccolo Ponte","og_description":"Das Restaurant \u201ePiccolo Ponte\u201c liegt im Herzen der historischen Stadt Trogir, deren Altstadtkern Teil des UNESCO Verzeichnisses der Denkm\u00e4ler des Weltkulturerbes ist.","og_url":"https:\/\/piccolo-ponte.hr\/de\/standort\/","og_site_name":"Restoran Piccolo Ponte","article_publisher":"https:\/\/www.facebook.com\/piccoloponte.restaurant\/","article_modified_time":"2021-06-25T11:31:58+00:00","og_image":[{"width":2048,"height":1366,"url":"https:\/\/piccolo-ponte.hr\/wp-content\/uploads\/2021\/05\/trogir.jpg","type":"image\/jpeg"}],"twitter_card":"summary_large_image","twitter_title":"Standort Trogir - Familienrestaurant Piccolo Ponte","twitter_description":"Das Restaurant \u201ePiccolo Ponte\u201c liegt im Herzen der historischen Stadt Trogir, deren Altstadtkern Teil des UNESCO Verzeichnisses der Denkm\u00e4ler des Weltkulturerbes ist.","twitter_image":"https:\/\/piccolo-ponte.hr\/wp-content\/uploads\/2021\/05\/trogir.jpg","twitter_misc":{"Gesch\u00e4tzte Lesezeit":"1\u00a0Minute"},"schema":{"@context":"https:\/\/schema.org","@graph":[{"@type":"WebPage","@id":"https:\/\/piccolo-ponte.hr\/de\/standort\/","url":"https:\/\/piccolo-ponte.hr\/de\/standort\/","name":"Standort Trogir - Familienrestaurant Piccolo Ponte","isPartOf":{"@id":"https:\/\/piccolo-ponte.hr\/#website"},"datePublished":"2021-05-11T07:49:13+00:00","dateModified":"2021-06-25T11:31:58+00:00","description":"Das Restaurant \u201ePiccolo Ponte\u201c liegt im Herzen der historischen Stadt Trogir, deren Altstadtkern Teil des UNESCO Verzeichnisses der Denkm\u00e4ler des Weltkulturerbes ist.","breadcrumb":{"@id":"https:\/\/piccolo-ponte.hr\/de\/standort\/#breadcrumb"},"inLanguage":"de","potentialAction":[{"@type":"ReadAction","target":["https:\/\/piccolo-ponte.hr\/de\/standort\/"]}]},{"@type":"BreadcrumbList","@id":"https:\/\/piccolo-ponte.hr\/de\/standort\/#breadcrumb","itemListElement":[{"@type":"ListItem","position":1,"name":"Po\u010detna stranica","item":"https:\/\/piccolo-ponte.hr\/de\/"},{"@type":"ListItem","position":2,"name":"Standort"}]},{"@type":"WebSite","@id":"https:\/\/piccolo-ponte.hr\/#website","url":"https:\/\/piccolo-ponte.hr\/","name":"Restoran Piccolo Ponte","description":"","potentialAction":[{"@type":"SearchAction","target":{"@type":"EntryPoint","urlTemplate":"https:\/\/piccolo-ponte.hr\/?s={search_term_string}"},"query-input":{"@type":"PropertyValueSpecification","valueRequired":true,"valueName":"search_term_string"}}],"inLanguage":"de"}]}},"_links":{"self":[{"href":"https:\/\/piccolo-ponte.hr\/de\/wp-json\/wp\/v2\/pages\/2048","targetHints":{"allow":["GET"]}}],"collection":[{"href":"https:\/\/piccolo-ponte.hr\/de\/wp-json\/wp\/v2\/pages"}],"about":[{"href":"https:\/\/piccolo-ponte.hr\/de\/wp-json\/wp\/v2\/types\/page"}],"author":[{"embeddable":true,"href":"https:\/\/piccolo-ponte.hr\/de\/wp-json\/wp\/v2\/users\/2"}],"replies":[{"embeddable":true,"href":"https:\/\/piccolo-ponte.hr\/de\/wp-json\/wp\/v2\/comments?post=2048"}],"version-history":[{"count":2,"href":"https:\/\/piccolo-ponte.hr\/de\/wp-json\/wp\/v2\/pages\/2048\/revisions"}],"predecessor-version":[{"id":2050,"href":"https:\/\/piccolo-ponte.hr\/de\/wp-json\/wp\/v2\/pages\/2048\/revisions\/2050"}],"wp:attachment":[{"href":"https:\/\/piccolo-ponte.hr\/de\/wp-json\/wp\/v2\/media?parent=2048"}],"curies":[{"name":"wp","href":"https:\/\/api.w.org\/{rel}","templated":true}]}}