{"id":2116,"date":"2021-05-11T09:48:52","date_gmt":"2021-05-11T07:48:52","guid":{"rendered":"https:\/\/piccolo-ponte.hr\/menu\/"},"modified":"2023-09-29T10:52:56","modified_gmt":"2023-09-29T08:52:56","slug":"speisekarte","status":"publish","type":"page","link":"https:\/\/piccolo-ponte.hr\/de\/speisekarte\/","title":{"rendered":"Speisekarte"},"content":{"rendered":"\r\n<h2 class=\"has-text-align-center wp-block-heading\"><\/h2>\r\n<h2 class=\"wp-block-heading\" style=\"text-align: center;\"><\/h2>\r\n<h2 class=\"wp-block-heading\" style=\"text-align: center;\">Geschmacksrichtungen f\u00fcr jeden Geschmack<\/h2>\r\n<h2 style=\"text-align: center;\">\r\n\r\n<\/h2>\r\n<p style=\"text-align: center;\">Unsere Speisekarte wurde sorgf\u00e4ltig erstellt und jahrelang angepasst, um unseren G\u00e4sten ein exzellentes Schlemmererlebnis zu bieten.<br \/>Wir pflegen pers\u00f6nlichen Zugang zu jedem Gast und seiner Speiseauswahl.<br \/>Egal, ob es sich um Fischspezialit\u00e4ten, Fleisch vom Grill, traditionellen dalmatinischen Gerichten \u201eunter der Glocke\u201c oder Pizzas handelt, f\u00fcr unsere Speisen w\u00e4hlen wir hausgemachte Nahrungsmittel mit Spitzenqualit\u00e4t aus.<\/p>\r\n<h2 style=\"text-align: center;\"><\/h2>\r\n<p style=\"text-align: center;\"><\/p>\r\n","protected":false},"excerpt":{"rendered":"","protected":false},"author":2,"featured_media":0,"parent":0,"menu_order":0,"comment_status":"closed","ping_status":"closed","template":"page-meni.php","meta":{"_acf_changed":false,"footnotes":""},"class_list":["post-2116","page","type-page","status-publish","hentry"],"acf":[],"yoast_head":"<!-- This site is optimized with the Yoast SEO plugin v27.2 - https:\/\/yoast.com\/product\/yoast-seo-wordpress\/ -->\n<title>Speisekarte - Familienrestaurant Piccolo Ponte<\/title>\n<meta name=\"description\" content=\"Fischspezialit\u00e4ten, Muscheln, Fleisch vom Grill, traditionelle dalmatinische Gerichte, Pizza, Nudelgerichte, frische, einheimische Nahrungsmittel mit Spitzenqualit\u00e4t.\" \/>\n<meta name=\"robots\" content=\"index, follow, max-snippet:-1, max-image-preview:large, max-video-preview:-1\" \/>\n<link rel=\"canonical\" href=\"https:\/\/piccolo-ponte.hr\/de\/speisekarte\/\" \/>\n<meta property=\"og:locale\" content=\"de_DE\" \/>\n<meta property=\"og:type\" content=\"article\" \/>\n<meta property=\"og:title\" content=\"Speisekarte - Familienrestaurant Piccolo Ponte\" \/>\n<meta property=\"og:description\" content=\"Fischspezialit\u00e4ten, Muscheln, Fleisch vom Grill, traditionelle dalmatinische Gerichte, Pizza, Nudelgerichte, frische, einheimische Nahrungsmittel mit Spitzenqualit\u00e4t.\" \/>\n<meta property=\"og:url\" content=\"https:\/\/piccolo-ponte.hr\/de\/speisekarte\/\" \/>\n<meta property=\"og:site_name\" content=\"Restoran Piccolo Ponte\" \/>\n<meta property=\"article:publisher\" content=\"https:\/\/www.facebook.com\/piccoloponte.restaurant\/\" \/>\n<meta property=\"article:modified_time\" content=\"2023-09-29T08:52:56+00:00\" \/>\n<meta property=\"og:image\" content=\"https:\/\/piccolo-ponte.hr\/wp-content\/uploads\/2021\/05\/riblja-plata-za-dvoje.jpg\" \/>\n\t<meta property=\"og:image:width\" content=\"1200\" \/>\n\t<meta property=\"og:image:height\" content=\"1599\" \/>\n\t<meta property=\"og:image:type\" content=\"image\/jpeg\" \/>\n<meta name=\"twitter:card\" content=\"summary_large_image\" \/>\n<meta name=\"twitter:title\" content=\"Speisekarte - Familienrestaurant Piccolo Ponte\" \/>\n<meta name=\"twitter:description\" content=\"Fischspezialit\u00e4ten, Muscheln, Fleisch vom Grill, traditionelle dalmatinische Gerichte, Pizza, Nudelgerichte, frische, einheimische Nahrungsmittel mit Spitzenqualit\u00e4t.\" \/>\n<meta name=\"twitter:image\" content=\"https:\/\/piccolo-ponte.hr\/wp-content\/uploads\/2021\/05\/riblja-plata-za-dvoje.jpg\" \/>\n<meta name=\"twitter:label1\" content=\"Gesch\u00e4tzte Lesezeit\" \/>\n\t<meta name=\"twitter:data1\" content=\"1\u00a0Minute\" \/>\n<script type=\"application\/ld+json\" class=\"yoast-schema-graph\">{\"@context\":\"https:\/\/schema.org\",\"@graph\":[{\"@type\":\"WebPage\",\"@id\":\"https:\/\/piccolo-ponte.hr\/de\/speisekarte\/\",\"url\":\"https:\/\/piccolo-ponte.hr\/de\/speisekarte\/\",\"name\":\"Speisekarte - Familienrestaurant Piccolo Ponte\",\"isPartOf\":{\"@id\":\"https:\/\/piccolo-ponte.hr\/#website\"},\"datePublished\":\"2021-05-11T07:48:52+00:00\",\"dateModified\":\"2023-09-29T08:52:56+00:00\",\"description\":\"Fischspezialit\u00e4ten, Muscheln, Fleisch vom Grill, traditionelle dalmatinische Gerichte, Pizza, Nudelgerichte, frische, einheimische Nahrungsmittel mit Spitzenqualit\u00e4t.\",\"breadcrumb\":{\"@id\":\"https:\/\/piccolo-ponte.hr\/de\/speisekarte\/#breadcrumb\"},\"inLanguage\":\"de\",\"potentialAction\":[{\"@type\":\"ReadAction\",\"target\":[\"https:\/\/piccolo-ponte.hr\/de\/speisekarte\/\"]}]},{\"@type\":\"BreadcrumbList\",\"@id\":\"https:\/\/piccolo-ponte.hr\/de\/speisekarte\/#breadcrumb\",\"itemListElement\":[{\"@type\":\"ListItem\",\"position\":1,\"name\":\"Po\u010detna stranica\",\"item\":\"https:\/\/piccolo-ponte.hr\/de\/\"},{\"@type\":\"ListItem\",\"position\":2,\"name\":\"Speisekarte\"}]},{\"@type\":\"WebSite\",\"@id\":\"https:\/\/piccolo-ponte.hr\/#website\",\"url\":\"https:\/\/piccolo-ponte.hr\/\",\"name\":\"Restoran Piccolo Ponte\",\"description\":\"\",\"potentialAction\":[{\"@type\":\"SearchAction\",\"target\":{\"@type\":\"EntryPoint\",\"urlTemplate\":\"https:\/\/piccolo-ponte.hr\/?s={search_term_string}\"},\"query-input\":{\"@type\":\"PropertyValueSpecification\",\"valueRequired\":true,\"valueName\":\"search_term_string\"}}],\"inLanguage\":\"de\"}]}<\/script>\n<!-- \/ Yoast SEO plugin. -->","yoast_head_json":{"title":"Speisekarte - Familienrestaurant Piccolo Ponte","description":"Fischspezialit\u00e4ten, Muscheln, Fleisch vom Grill, traditionelle dalmatinische Gerichte, Pizza, Nudelgerichte, frische, einheimische Nahrungsmittel mit Spitzenqualit\u00e4t.","robots":{"index":"index","follow":"follow","max-snippet":"max-snippet:-1","max-image-preview":"max-image-preview:large","max-video-preview":"max-video-preview:-1"},"canonical":"https:\/\/piccolo-ponte.hr\/de\/speisekarte\/","og_locale":"de_DE","og_type":"article","og_title":"Speisekarte - Familienrestaurant Piccolo Ponte","og_description":"Fischspezialit\u00e4ten, Muscheln, Fleisch vom Grill, traditionelle dalmatinische Gerichte, Pizza, Nudelgerichte, frische, einheimische Nahrungsmittel mit Spitzenqualit\u00e4t.","og_url":"https:\/\/piccolo-ponte.hr\/de\/speisekarte\/","og_site_name":"Restoran Piccolo Ponte","article_publisher":"https:\/\/www.facebook.com\/piccoloponte.restaurant\/","article_modified_time":"2023-09-29T08:52:56+00:00","og_image":[{"width":1200,"height":1599,"url":"https:\/\/piccolo-ponte.hr\/wp-content\/uploads\/2021\/05\/riblja-plata-za-dvoje.jpg","type":"image\/jpeg"}],"twitter_card":"summary_large_image","twitter_title":"Speisekarte - Familienrestaurant Piccolo Ponte","twitter_description":"Fischspezialit\u00e4ten, Muscheln, Fleisch vom Grill, traditionelle dalmatinische Gerichte, Pizza, Nudelgerichte, frische, einheimische Nahrungsmittel mit Spitzenqualit\u00e4t.","twitter_image":"https:\/\/piccolo-ponte.hr\/wp-content\/uploads\/2021\/05\/riblja-plata-za-dvoje.jpg","twitter_misc":{"Gesch\u00e4tzte Lesezeit":"1\u00a0Minute"},"schema":{"@context":"https:\/\/schema.org","@graph":[{"@type":"WebPage","@id":"https:\/\/piccolo-ponte.hr\/de\/speisekarte\/","url":"https:\/\/piccolo-ponte.hr\/de\/speisekarte\/","name":"Speisekarte - Familienrestaurant Piccolo Ponte","isPartOf":{"@id":"https:\/\/piccolo-ponte.hr\/#website"},"datePublished":"2021-05-11T07:48:52+00:00","dateModified":"2023-09-29T08:52:56+00:00","description":"Fischspezialit\u00e4ten, Muscheln, Fleisch vom Grill, traditionelle dalmatinische Gerichte, Pizza, Nudelgerichte, frische, einheimische Nahrungsmittel mit Spitzenqualit\u00e4t.","breadcrumb":{"@id":"https:\/\/piccolo-ponte.hr\/de\/speisekarte\/#breadcrumb"},"inLanguage":"de","potentialAction":[{"@type":"ReadAction","target":["https:\/\/piccolo-ponte.hr\/de\/speisekarte\/"]}]},{"@type":"BreadcrumbList","@id":"https:\/\/piccolo-ponte.hr\/de\/speisekarte\/#breadcrumb","itemListElement":[{"@type":"ListItem","position":1,"name":"Po\u010detna stranica","item":"https:\/\/piccolo-ponte.hr\/de\/"},{"@type":"ListItem","position":2,"name":"Speisekarte"}]},{"@type":"WebSite","@id":"https:\/\/piccolo-ponte.hr\/#website","url":"https:\/\/piccolo-ponte.hr\/","name":"Restoran Piccolo Ponte","description":"","potentialAction":[{"@type":"SearchAction","target":{"@type":"EntryPoint","urlTemplate":"https:\/\/piccolo-ponte.hr\/?s={search_term_string}"},"query-input":{"@type":"PropertyValueSpecification","valueRequired":true,"valueName":"search_term_string"}}],"inLanguage":"de"}]}},"_links":{"self":[{"href":"https:\/\/piccolo-ponte.hr\/de\/wp-json\/wp\/v2\/pages\/2116","targetHints":{"allow":["GET"]}}],"collection":[{"href":"https:\/\/piccolo-ponte.hr\/de\/wp-json\/wp\/v2\/pages"}],"about":[{"href":"https:\/\/piccolo-ponte.hr\/de\/wp-json\/wp\/v2\/types\/page"}],"author":[{"embeddable":true,"href":"https:\/\/piccolo-ponte.hr\/de\/wp-json\/wp\/v2\/users\/2"}],"replies":[{"embeddable":true,"href":"https:\/\/piccolo-ponte.hr\/de\/wp-json\/wp\/v2\/comments?post=2116"}],"version-history":[{"count":23,"href":"https:\/\/piccolo-ponte.hr\/de\/wp-json\/wp\/v2\/pages\/2116\/revisions"}],"predecessor-version":[{"id":3244,"href":"https:\/\/piccolo-ponte.hr\/de\/wp-json\/wp\/v2\/pages\/2116\/revisions\/3244"}],"wp:attachment":[{"href":"https:\/\/piccolo-ponte.hr\/de\/wp-json\/wp\/v2\/media?parent=2116"}],"curies":[{"name":"wp","href":"https:\/\/api.w.org\/{rel}","templated":true}]}}