{"id":1441,"date":"2021-05-11T09:48:31","date_gmt":"2021-05-11T07:48:31","guid":{"rendered":"https:\/\/piccolo-ponte.hr\/restoran\/"},"modified":"2021-06-25T12:19:57","modified_gmt":"2021-06-25T10:19:57","slug":"le-restaurant","status":"publish","type":"page","link":"https:\/\/piccolo-ponte.hr\/fr\/le-restaurant\/","title":{"rendered":"Le restaurant"},"content":{"rendered":"\r\n<p style=\"text-align: center;\">Piccolo Ponte est un restaurant familial situ\u00e9 au centre du patrimoine culturel de l&rsquo;UNESCO de Trogir.<br \/>Le restaurant a ouvert ses portes en 2011 apr\u00e8s de nombreuses ann\u00e9es d&rsquo;exp\u00e9rience en tant que propri\u00e9taire en Italie (Ravenne).<br \/>L&rsquo;ambiance paisible du centre-ville offre une atmosph\u00e8re relaxante \u00e0 nos clients.<br \/>Un beau petit parc en arri\u00e8re-plan du restaurant offre une oasis de verdure dans les rues pav\u00e9es de Trogir.<br \/>La distance de seulement 60 m\u00e8tres du front de mer assure la paix, et pourtant une distance abordable de tous les \u00e9v\u00e9nements de la ville.<br \/>Pour nos plus jeunes, une aire de jeux pour enfants se trouve \u00e0 50 m\u00e8tres du restaurant.<\/p>\r\n","protected":false},"excerpt":{"rendered":"<p>Piccolo Ponte est un restaurant familial situ\u00e9 au centre du patrimoine culturel de l&rsquo;UNESCO de Trogir.Le restaurant a ouvert ses portes en 2011 apr\u00e8s de nombreuses ann\u00e9es d&rsquo;exp\u00e9rience en tant que propri\u00e9taire en Italie (Ravenne).L&rsquo;ambiance paisible du centre-ville offre une atmosph\u00e8re relaxante \u00e0 nos clients.Un beau petit parc en arri\u00e8re-plan du restaurant offre une oasis [&hellip;]<\/p>\n","protected":false},"author":2,"featured_media":0,"parent":0,"menu_order":0,"comment_status":"closed","ping_status":"closed","template":"page-restaurant.php","meta":{"_acf_changed":false,"footnotes":""},"class_list":["post-1441","page","type-page","status-publish","hentry"],"acf":[],"yoast_head":"<!-- This site is optimized with the Yoast SEO plugin v27.2 - https:\/\/yoast.com\/product\/yoast-seo-wordpress\/ -->\n<title>Restaurant familial Piccolo Ponte<\/title>\n<meta name=\"description\" content=\"Restaurant familial au centre du patrimoine culturel UNESCO de Trogir. Environnement calme dans le centre-ville \u00e0 seulement 60 m\u00e8tres du front de mer de Trogir.\" \/>\n<meta name=\"robots\" content=\"index, follow, max-snippet:-1, max-image-preview:large, max-video-preview:-1\" \/>\n<link rel=\"canonical\" href=\"https:\/\/piccolo-ponte.hr\/fr\/le-restaurant\/\" \/>\n<meta property=\"og:locale\" content=\"fr_FR\" \/>\n<meta property=\"og:type\" content=\"article\" \/>\n<meta property=\"og:title\" content=\"Restaurant familial Piccolo Ponte\" \/>\n<meta property=\"og:description\" content=\"Restaurant familial au centre du patrimoine culturel UNESCO de Trogir. Environnement calme dans le centre-ville \u00e0 seulement 60 m\u00e8tres du front de mer de Trogir.\" \/>\n<meta property=\"og:url\" content=\"https:\/\/piccolo-ponte.hr\/fr\/le-restaurant\/\" \/>\n<meta property=\"og:site_name\" content=\"Restoran Piccolo Ponte\" \/>\n<meta property=\"article:publisher\" content=\"https:\/\/www.facebook.com\/piccoloponte.restaurant\/\" \/>\n<meta property=\"article:modified_time\" content=\"2021-06-25T10:19:57+00:00\" \/>\n<meta property=\"og:image\" content=\"https:\/\/piccolo-ponte.hr\/wp-content\/uploads\/2021\/05\/0754fd38-04dd-49cb-a4c4-0d947e4a75a8.jpg\" \/>\n\t<meta property=\"og:image:width\" content=\"777\" \/>\n\t<meta property=\"og:image:height\" content=\"777\" \/>\n\t<meta property=\"og:image:type\" content=\"image\/jpeg\" \/>\n<meta name=\"twitter:card\" content=\"summary_large_image\" \/>\n<meta name=\"twitter:title\" content=\"Restaurant familial Piccolo Ponte\" \/>\n<meta name=\"twitter:description\" content=\"Restaurant familial au centre du patrimoine culturel UNESCO de Trogir. Environnement calme dans le centre-ville \u00e0 seulement 60 m\u00e8tres du front de mer de Trogir.\" \/>\n<meta name=\"twitter:image\" content=\"https:\/\/piccolo-ponte.hr\/wp-content\/uploads\/2021\/05\/0754fd38-04dd-49cb-a4c4-0d947e4a75a8.jpg\" \/>\n<meta name=\"twitter:label1\" content=\"Dur\u00e9e de lecture estim\u00e9e\" \/>\n\t<meta name=\"twitter:data1\" content=\"1 minute\" \/>\n<script type=\"application\/ld+json\" class=\"yoast-schema-graph\">{\"@context\":\"https:\/\/schema.org\",\"@graph\":[{\"@type\":\"WebPage\",\"@id\":\"https:\/\/piccolo-ponte.hr\/fr\/le-restaurant\/\",\"url\":\"https:\/\/piccolo-ponte.hr\/fr\/le-restaurant\/\",\"name\":\"Restaurant familial Piccolo Ponte\",\"isPartOf\":{\"@id\":\"https:\/\/piccolo-ponte.hr\/#website\"},\"datePublished\":\"2021-05-11T07:48:31+00:00\",\"dateModified\":\"2021-06-25T10:19:57+00:00\",\"description\":\"Restaurant familial au centre du patrimoine culturel UNESCO de Trogir. Environnement calme dans le centre-ville \u00e0 seulement 60 m\u00e8tres du front de mer de Trogir.\",\"breadcrumb\":{\"@id\":\"https:\/\/piccolo-ponte.hr\/fr\/le-restaurant\/#breadcrumb\"},\"inLanguage\":\"fr-FR\",\"potentialAction\":[{\"@type\":\"ReadAction\",\"target\":[\"https:\/\/piccolo-ponte.hr\/fr\/le-restaurant\/\"]}]},{\"@type\":\"BreadcrumbList\",\"@id\":\"https:\/\/piccolo-ponte.hr\/fr\/le-restaurant\/#breadcrumb\",\"itemListElement\":[{\"@type\":\"ListItem\",\"position\":1,\"name\":\"Po\u010detna stranica\",\"item\":\"https:\/\/piccolo-ponte.hr\/fr\/\"},{\"@type\":\"ListItem\",\"position\":2,\"name\":\"Le restaurant\"}]},{\"@type\":\"WebSite\",\"@id\":\"https:\/\/piccolo-ponte.hr\/#website\",\"url\":\"https:\/\/piccolo-ponte.hr\/\",\"name\":\"Restoran Piccolo Ponte\",\"description\":\"\",\"potentialAction\":[{\"@type\":\"SearchAction\",\"target\":{\"@type\":\"EntryPoint\",\"urlTemplate\":\"https:\/\/piccolo-ponte.hr\/?s={search_term_string}\"},\"query-input\":{\"@type\":\"PropertyValueSpecification\",\"valueRequired\":true,\"valueName\":\"search_term_string\"}}],\"inLanguage\":\"fr-FR\"}]}<\/script>\n<!-- \/ Yoast SEO plugin. -->","yoast_head_json":{"title":"Restaurant familial Piccolo Ponte","description":"Restaurant familial au centre du patrimoine culturel UNESCO de Trogir. Environnement calme dans le centre-ville \u00e0 seulement 60 m\u00e8tres du front de mer de Trogir.","robots":{"index":"index","follow":"follow","max-snippet":"max-snippet:-1","max-image-preview":"max-image-preview:large","max-video-preview":"max-video-preview:-1"},"canonical":"https:\/\/piccolo-ponte.hr\/fr\/le-restaurant\/","og_locale":"fr_FR","og_type":"article","og_title":"Restaurant familial Piccolo Ponte","og_description":"Restaurant familial au centre du patrimoine culturel UNESCO de Trogir. Environnement calme dans le centre-ville \u00e0 seulement 60 m\u00e8tres du front de mer de Trogir.","og_url":"https:\/\/piccolo-ponte.hr\/fr\/le-restaurant\/","og_site_name":"Restoran Piccolo Ponte","article_publisher":"https:\/\/www.facebook.com\/piccoloponte.restaurant\/","article_modified_time":"2021-06-25T10:19:57+00:00","og_image":[{"width":777,"height":777,"url":"https:\/\/piccolo-ponte.hr\/wp-content\/uploads\/2021\/05\/0754fd38-04dd-49cb-a4c4-0d947e4a75a8.jpg","type":"image\/jpeg"}],"twitter_card":"summary_large_image","twitter_title":"Restaurant familial Piccolo Ponte","twitter_description":"Restaurant familial au centre du patrimoine culturel UNESCO de Trogir. Environnement calme dans le centre-ville \u00e0 seulement 60 m\u00e8tres du front de mer de Trogir.","twitter_image":"https:\/\/piccolo-ponte.hr\/wp-content\/uploads\/2021\/05\/0754fd38-04dd-49cb-a4c4-0d947e4a75a8.jpg","twitter_misc":{"Dur\u00e9e de lecture estim\u00e9e":"1 minute"},"schema":{"@context":"https:\/\/schema.org","@graph":[{"@type":"WebPage","@id":"https:\/\/piccolo-ponte.hr\/fr\/le-restaurant\/","url":"https:\/\/piccolo-ponte.hr\/fr\/le-restaurant\/","name":"Restaurant familial Piccolo Ponte","isPartOf":{"@id":"https:\/\/piccolo-ponte.hr\/#website"},"datePublished":"2021-05-11T07:48:31+00:00","dateModified":"2021-06-25T10:19:57+00:00","description":"Restaurant familial au centre du patrimoine culturel UNESCO de Trogir. Environnement calme dans le centre-ville \u00e0 seulement 60 m\u00e8tres du front de mer de Trogir.","breadcrumb":{"@id":"https:\/\/piccolo-ponte.hr\/fr\/le-restaurant\/#breadcrumb"},"inLanguage":"fr-FR","potentialAction":[{"@type":"ReadAction","target":["https:\/\/piccolo-ponte.hr\/fr\/le-restaurant\/"]}]},{"@type":"BreadcrumbList","@id":"https:\/\/piccolo-ponte.hr\/fr\/le-restaurant\/#breadcrumb","itemListElement":[{"@type":"ListItem","position":1,"name":"Po\u010detna stranica","item":"https:\/\/piccolo-ponte.hr\/fr\/"},{"@type":"ListItem","position":2,"name":"Le restaurant"}]},{"@type":"WebSite","@id":"https:\/\/piccolo-ponte.hr\/#website","url":"https:\/\/piccolo-ponte.hr\/","name":"Restoran Piccolo Ponte","description":"","potentialAction":[{"@type":"SearchAction","target":{"@type":"EntryPoint","urlTemplate":"https:\/\/piccolo-ponte.hr\/?s={search_term_string}"},"query-input":{"@type":"PropertyValueSpecification","valueRequired":true,"valueName":"search_term_string"}}],"inLanguage":"fr-FR"}]}},"_links":{"self":[{"href":"https:\/\/piccolo-ponte.hr\/fr\/wp-json\/wp\/v2\/pages\/1441","targetHints":{"allow":["GET"]}}],"collection":[{"href":"https:\/\/piccolo-ponte.hr\/fr\/wp-json\/wp\/v2\/pages"}],"about":[{"href":"https:\/\/piccolo-ponte.hr\/fr\/wp-json\/wp\/v2\/types\/page"}],"author":[{"embeddable":true,"href":"https:\/\/piccolo-ponte.hr\/fr\/wp-json\/wp\/v2\/users\/2"}],"replies":[{"embeddable":true,"href":"https:\/\/piccolo-ponte.hr\/fr\/wp-json\/wp\/v2\/comments?post=1441"}],"version-history":[{"count":3,"href":"https:\/\/piccolo-ponte.hr\/fr\/wp-json\/wp\/v2\/pages\/1441\/revisions"}],"predecessor-version":[{"id":2033,"href":"https:\/\/piccolo-ponte.hr\/fr\/wp-json\/wp\/v2\/pages\/1441\/revisions\/2033"}],"wp:attachment":[{"href":"https:\/\/piccolo-ponte.hr\/fr\/wp-json\/wp\/v2\/media?parent=1441"}],"curies":[{"name":"wp","href":"https:\/\/api.w.org\/{rel}","templated":true}]}}