{"id":2052,"date":"2021-05-11T09:49:13","date_gmt":"2021-05-11T07:49:13","guid":{"rendered":"https:\/\/piccolo-ponte.hr\/lokacija\/"},"modified":"2021-06-25T13:35:56","modified_gmt":"2021-06-25T11:35:56","slug":"emplacement","status":"publish","type":"page","link":"https:\/\/piccolo-ponte.hr\/fr\/emplacement\/","title":{"rendered":"Emplacement"},"content":{"rendered":"\r\n<p>Le restaurant \u00ab\u00a0Piccolo Ponte\u00a0\u00bb est situ\u00e9 au c\u0153ur de la ville historique de Trogir, dont la vieille ville est inscrite sur la liste du patrimoine mondial de l&rsquo;UNESCO. Le restaurant a commenc\u00e9 \u00e0 fonctionner en 2011 et est situ\u00e9 dans un environnement calme du centre-ville, \u00e0 seulement 60 m du front de mer. Il dispose de 90 places assises couvertes d&rsquo;un grand parasol de 100 m2, et derri\u00e8re le restaurant se trouve un beau petit parc. Visitez \u00ab\u00a0Piccolo Ponte\u00a0\u00bb pour d\u00e9guster d&rsquo;excellentes sp\u00e9cialit\u00e9s et sp\u00e9cialit\u00e9s indig\u00e8nes, et pour d\u00e9couvrir l&rsquo;esprit enchanteur de la Dalmatie et la belle et romantique Trogir.<\/p>\r\n","protected":false},"excerpt":{"rendered":"<p>Le restaurant \u00ab\u00a0Piccolo Ponte\u00a0\u00bb est situ\u00e9 au c\u0153ur de la ville historique de Trogir, dont la vieille ville est inscrite sur la liste du patrimoine mondial de l&rsquo;UNESCO. Le restaurant a commenc\u00e9 \u00e0 fonctionner en 2011 et est situ\u00e9 dans un environnement calme du centre-ville, \u00e0 seulement 60 m du front de mer. Il dispose [&hellip;]<\/p>\n","protected":false},"author":2,"featured_media":0,"parent":0,"menu_order":0,"comment_status":"closed","ping_status":"closed","template":"page-lokacija.php","meta":{"_acf_changed":false,"footnotes":""},"class_list":["post-2052","page","type-page","status-publish","hentry"],"acf":[],"yoast_head":"<!-- This site is optimized with the Yoast SEO plugin v27.2 - https:\/\/yoast.com\/product\/yoast-seo-wordpress\/ -->\n<title>Emplacement Trogir - Restaurant &quot;Piccolo Ponte&quot;<\/title>\n<meta name=\"description\" content=\"Le restaurant &quot;Piccolo Ponte&quot; est situ\u00e9 au c\u0153ur de la ville historique de Trogir, dont la vieille ville est inscrite sur la liste du patrimoine mondial de l&#039;UNESCO.\" \/>\n<meta name=\"robots\" content=\"index, follow, max-snippet:-1, max-image-preview:large, max-video-preview:-1\" \/>\n<link rel=\"canonical\" href=\"https:\/\/piccolo-ponte.hr\/fr\/emplacement\/\" \/>\n<meta property=\"og:locale\" content=\"fr_FR\" \/>\n<meta property=\"og:type\" content=\"article\" \/>\n<meta property=\"og:title\" content=\"Emplacement Trogir - Restaurant &quot;Piccolo Ponte&quot;\" \/>\n<meta property=\"og:description\" content=\"Le restaurant &quot;Piccolo Ponte&quot; est situ\u00e9 au c\u0153ur de la ville historique de Trogir, dont la vieille ville est inscrite sur la liste du patrimoine mondial de l&#039;UNESCO.\" \/>\n<meta property=\"og:url\" content=\"https:\/\/piccolo-ponte.hr\/fr\/emplacement\/\" \/>\n<meta property=\"og:site_name\" content=\"Restoran Piccolo Ponte\" \/>\n<meta property=\"article:publisher\" content=\"https:\/\/www.facebook.com\/piccoloponte.restaurant\/\" \/>\n<meta property=\"article:modified_time\" content=\"2021-06-25T11:35:56+00:00\" \/>\n<meta property=\"og:image\" content=\"https:\/\/piccolo-ponte.hr\/wp-content\/uploads\/2021\/05\/trogir.jpg\" \/>\n\t<meta property=\"og:image:width\" content=\"2048\" \/>\n\t<meta property=\"og:image:height\" content=\"1366\" \/>\n\t<meta property=\"og:image:type\" content=\"image\/jpeg\" \/>\n<meta name=\"twitter:card\" content=\"summary_large_image\" \/>\n<meta name=\"twitter:title\" content=\"Emplacement Trogir - Restaurant &quot;Piccolo Ponte&quot;\" \/>\n<meta name=\"twitter:description\" content=\"Le restaurant &quot;Piccolo Ponte&quot; est situ\u00e9 au c\u0153ur de la ville historique de Trogir, dont la vieille ville est inscrite sur la liste du patrimoine mondial de l&#039;UNESCO.\" \/>\n<meta name=\"twitter:image\" content=\"https:\/\/piccolo-ponte.hr\/wp-content\/uploads\/2021\/05\/trogir.jpg\" \/>\n<meta name=\"twitter:label1\" content=\"Dur\u00e9e de lecture estim\u00e9e\" \/>\n\t<meta name=\"twitter:data1\" content=\"1 minute\" \/>\n<script type=\"application\/ld+json\" class=\"yoast-schema-graph\">{\"@context\":\"https:\/\/schema.org\",\"@graph\":[{\"@type\":\"WebPage\",\"@id\":\"https:\/\/piccolo-ponte.hr\/fr\/emplacement\/\",\"url\":\"https:\/\/piccolo-ponte.hr\/fr\/emplacement\/\",\"name\":\"Emplacement Trogir - Restaurant \\\"Piccolo Ponte\\\"\",\"isPartOf\":{\"@id\":\"https:\/\/piccolo-ponte.hr\/#website\"},\"datePublished\":\"2021-05-11T07:49:13+00:00\",\"dateModified\":\"2021-06-25T11:35:56+00:00\",\"description\":\"Le restaurant \\\"Piccolo Ponte\\\" est situ\u00e9 au c\u0153ur de la ville historique de Trogir, dont la vieille ville est inscrite sur la liste du patrimoine mondial de l'UNESCO.\",\"breadcrumb\":{\"@id\":\"https:\/\/piccolo-ponte.hr\/fr\/emplacement\/#breadcrumb\"},\"inLanguage\":\"fr-FR\",\"potentialAction\":[{\"@type\":\"ReadAction\",\"target\":[\"https:\/\/piccolo-ponte.hr\/fr\/emplacement\/\"]}]},{\"@type\":\"BreadcrumbList\",\"@id\":\"https:\/\/piccolo-ponte.hr\/fr\/emplacement\/#breadcrumb\",\"itemListElement\":[{\"@type\":\"ListItem\",\"position\":1,\"name\":\"Po\u010detna stranica\",\"item\":\"https:\/\/piccolo-ponte.hr\/fr\/\"},{\"@type\":\"ListItem\",\"position\":2,\"name\":\"Emplacement\"}]},{\"@type\":\"WebSite\",\"@id\":\"https:\/\/piccolo-ponte.hr\/#website\",\"url\":\"https:\/\/piccolo-ponte.hr\/\",\"name\":\"Restoran Piccolo Ponte\",\"description\":\"\",\"potentialAction\":[{\"@type\":\"SearchAction\",\"target\":{\"@type\":\"EntryPoint\",\"urlTemplate\":\"https:\/\/piccolo-ponte.hr\/?s={search_term_string}\"},\"query-input\":{\"@type\":\"PropertyValueSpecification\",\"valueRequired\":true,\"valueName\":\"search_term_string\"}}],\"inLanguage\":\"fr-FR\"}]}<\/script>\n<!-- \/ Yoast SEO plugin. -->","yoast_head_json":{"title":"Emplacement Trogir - Restaurant \"Piccolo Ponte\"","description":"Le restaurant \"Piccolo Ponte\" est situ\u00e9 au c\u0153ur de la ville historique de Trogir, dont la vieille ville est inscrite sur la liste du patrimoine mondial de l'UNESCO.","robots":{"index":"index","follow":"follow","max-snippet":"max-snippet:-1","max-image-preview":"max-image-preview:large","max-video-preview":"max-video-preview:-1"},"canonical":"https:\/\/piccolo-ponte.hr\/fr\/emplacement\/","og_locale":"fr_FR","og_type":"article","og_title":"Emplacement Trogir - Restaurant \"Piccolo Ponte\"","og_description":"Le restaurant \"Piccolo Ponte\" est situ\u00e9 au c\u0153ur de la ville historique de Trogir, dont la vieille ville est inscrite sur la liste du patrimoine mondial de l'UNESCO.","og_url":"https:\/\/piccolo-ponte.hr\/fr\/emplacement\/","og_site_name":"Restoran Piccolo Ponte","article_publisher":"https:\/\/www.facebook.com\/piccoloponte.restaurant\/","article_modified_time":"2021-06-25T11:35:56+00:00","og_image":[{"width":2048,"height":1366,"url":"https:\/\/piccolo-ponte.hr\/wp-content\/uploads\/2021\/05\/trogir.jpg","type":"image\/jpeg"}],"twitter_card":"summary_large_image","twitter_title":"Emplacement Trogir - Restaurant \"Piccolo Ponte\"","twitter_description":"Le restaurant \"Piccolo Ponte\" est situ\u00e9 au c\u0153ur de la ville historique de Trogir, dont la vieille ville est inscrite sur la liste du patrimoine mondial de l'UNESCO.","twitter_image":"https:\/\/piccolo-ponte.hr\/wp-content\/uploads\/2021\/05\/trogir.jpg","twitter_misc":{"Dur\u00e9e de lecture estim\u00e9e":"1 minute"},"schema":{"@context":"https:\/\/schema.org","@graph":[{"@type":"WebPage","@id":"https:\/\/piccolo-ponte.hr\/fr\/emplacement\/","url":"https:\/\/piccolo-ponte.hr\/fr\/emplacement\/","name":"Emplacement Trogir - Restaurant \"Piccolo Ponte\"","isPartOf":{"@id":"https:\/\/piccolo-ponte.hr\/#website"},"datePublished":"2021-05-11T07:49:13+00:00","dateModified":"2021-06-25T11:35:56+00:00","description":"Le restaurant \"Piccolo Ponte\" est situ\u00e9 au c\u0153ur de la ville historique de Trogir, dont la vieille ville est inscrite sur la liste du patrimoine mondial de l'UNESCO.","breadcrumb":{"@id":"https:\/\/piccolo-ponte.hr\/fr\/emplacement\/#breadcrumb"},"inLanguage":"fr-FR","potentialAction":[{"@type":"ReadAction","target":["https:\/\/piccolo-ponte.hr\/fr\/emplacement\/"]}]},{"@type":"BreadcrumbList","@id":"https:\/\/piccolo-ponte.hr\/fr\/emplacement\/#breadcrumb","itemListElement":[{"@type":"ListItem","position":1,"name":"Po\u010detna stranica","item":"https:\/\/piccolo-ponte.hr\/fr\/"},{"@type":"ListItem","position":2,"name":"Emplacement"}]},{"@type":"WebSite","@id":"https:\/\/piccolo-ponte.hr\/#website","url":"https:\/\/piccolo-ponte.hr\/","name":"Restoran Piccolo Ponte","description":"","potentialAction":[{"@type":"SearchAction","target":{"@type":"EntryPoint","urlTemplate":"https:\/\/piccolo-ponte.hr\/?s={search_term_string}"},"query-input":{"@type":"PropertyValueSpecification","valueRequired":true,"valueName":"search_term_string"}}],"inLanguage":"fr-FR"}]}},"_links":{"self":[{"href":"https:\/\/piccolo-ponte.hr\/fr\/wp-json\/wp\/v2\/pages\/2052","targetHints":{"allow":["GET"]}}],"collection":[{"href":"https:\/\/piccolo-ponte.hr\/fr\/wp-json\/wp\/v2\/pages"}],"about":[{"href":"https:\/\/piccolo-ponte.hr\/fr\/wp-json\/wp\/v2\/types\/page"}],"author":[{"embeddable":true,"href":"https:\/\/piccolo-ponte.hr\/fr\/wp-json\/wp\/v2\/users\/2"}],"replies":[{"embeddable":true,"href":"https:\/\/piccolo-ponte.hr\/fr\/wp-json\/wp\/v2\/comments?post=2052"}],"version-history":[{"count":2,"href":"https:\/\/piccolo-ponte.hr\/fr\/wp-json\/wp\/v2\/pages\/2052\/revisions"}],"predecessor-version":[{"id":2055,"href":"https:\/\/piccolo-ponte.hr\/fr\/wp-json\/wp\/v2\/pages\/2052\/revisions\/2055"}],"wp:attachment":[{"href":"https:\/\/piccolo-ponte.hr\/fr\/wp-json\/wp\/v2\/media?parent=2052"}],"curies":[{"name":"wp","href":"https:\/\/api.w.org\/{rel}","templated":true}]}}