{"id":2149,"date":"2021-05-11T09:48:52","date_gmt":"2021-05-11T07:48:52","guid":{"rendered":"https:\/\/piccolo-ponte.hr\/menu\/"},"modified":"2023-09-29T10:48:24","modified_gmt":"2023-09-29T08:48:24","slug":"menu","status":"publish","type":"page","link":"https:\/\/piccolo-ponte.hr\/fr\/menu\/","title":{"rendered":"Menu"},"content":{"rendered":"\r\n<h2 class=\"has-text-align-center wp-block-heading\"><\/h2>\r\n<h2 class=\"wp-block-heading\" style=\"text-align: center;\"><\/h2>\r\n<h2 class=\"wp-block-heading\" style=\"text-align: center;\">Des saveurs pour tous les go\u00fbts<\/h2>\r\n<h2 style=\"text-align: center;\">\r\n\r\n<\/h2>\r\n<p style=\"text-align: center;\">Notre menu a \u00e9t\u00e9 soigneusement \u00e9labor\u00e9 et adapt\u00e9 au fil des ans pour offrir \u00e0 nos clients une exp\u00e9rience gastronomique de premier ordre.<br \/>Nous approchons personnellement chaque convive et son choix de plats.<br \/>Qu&rsquo;il s&rsquo;agisse de sp\u00e9cialit\u00e9s de poisson, de viandes grill\u00e9es, de p\u00e2tisseries traditionnelles dalmates ou de pizzas, nous choisissons des ingr\u00e9dients frais faits maison de la plus haute qualit\u00e9 pour nos plats.<\/p>\r\n<p style=\"text-align: center;\"><\/p>\r\n","protected":false},"excerpt":{"rendered":"","protected":false},"author":2,"featured_media":0,"parent":0,"menu_order":0,"comment_status":"closed","ping_status":"closed","template":"page-meni.php","meta":{"_acf_changed":false,"footnotes":""},"class_list":["post-2149","page","type-page","status-publish","hentry"],"acf":[],"yoast_head":"<!-- This site is optimized with the Yoast SEO plugin v27.2 - https:\/\/yoast.com\/product\/yoast-seo-wordpress\/ -->\n<title>Menu - Restaurant Piccolo Ponte<\/title>\n<meta name=\"description\" content=\"Sp\u00e9cialit\u00e9s de poissons, crustac\u00e9s, viandes grill\u00e9es, plats traditionnels dalmates, pizzas, p\u00e2tes, ingr\u00e9dients frais faits maison de la plus haute qualit\u00e9.\" \/>\n<meta name=\"robots\" content=\"index, follow, max-snippet:-1, max-image-preview:large, max-video-preview:-1\" \/>\n<link rel=\"canonical\" href=\"https:\/\/piccolo-ponte.hr\/fr\/menu\/\" \/>\n<meta property=\"og:locale\" content=\"fr_FR\" \/>\n<meta property=\"og:type\" content=\"article\" \/>\n<meta property=\"og:title\" content=\"Menu - Restaurant Piccolo Ponte\" \/>\n<meta property=\"og:description\" content=\"Sp\u00e9cialit\u00e9s de poissons, crustac\u00e9s, viandes grill\u00e9es, plats traditionnels dalmates, pizzas, p\u00e2tes, ingr\u00e9dients frais faits maison de la plus haute qualit\u00e9.\" \/>\n<meta property=\"og:url\" content=\"https:\/\/piccolo-ponte.hr\/fr\/menu\/\" \/>\n<meta property=\"og:site_name\" content=\"Restoran Piccolo Ponte\" \/>\n<meta property=\"article:publisher\" content=\"https:\/\/www.facebook.com\/piccoloponte.restaurant\/\" \/>\n<meta property=\"article:modified_time\" content=\"2023-09-29T08:48:24+00:00\" \/>\n<meta property=\"og:image\" content=\"https:\/\/piccolo-ponte.hr\/wp-content\/uploads\/2021\/05\/riblja-plata-za-dvoje.jpg\" \/>\n\t<meta property=\"og:image:width\" content=\"1200\" \/>\n\t<meta property=\"og:image:height\" content=\"1599\" \/>\n\t<meta property=\"og:image:type\" content=\"image\/jpeg\" \/>\n<meta name=\"twitter:card\" content=\"summary_large_image\" \/>\n<meta name=\"twitter:title\" content=\"Menu - Restaurant Piccolo Ponte\" \/>\n<meta name=\"twitter:description\" content=\"Sp\u00e9cialit\u00e9s de poissons, crustac\u00e9s, viandes grill\u00e9es, plats traditionnels dalmates, pizzas, p\u00e2tes, ingr\u00e9dients frais faits maison de la plus haute qualit\u00e9.\" \/>\n<meta name=\"twitter:image\" content=\"https:\/\/piccolo-ponte.hr\/wp-content\/uploads\/2021\/05\/riblja-plata-za-dvoje.jpg\" \/>\n<meta name=\"twitter:label1\" content=\"Dur\u00e9e de lecture estim\u00e9e\" \/>\n\t<meta name=\"twitter:data1\" content=\"1 minute\" \/>\n<script type=\"application\/ld+json\" class=\"yoast-schema-graph\">{\"@context\":\"https:\/\/schema.org\",\"@graph\":[{\"@type\":\"WebPage\",\"@id\":\"https:\/\/piccolo-ponte.hr\/fr\/menu\/\",\"url\":\"https:\/\/piccolo-ponte.hr\/fr\/menu\/\",\"name\":\"Menu - Restaurant Piccolo Ponte\",\"isPartOf\":{\"@id\":\"https:\/\/piccolo-ponte.hr\/#website\"},\"datePublished\":\"2021-05-11T07:48:52+00:00\",\"dateModified\":\"2023-09-29T08:48:24+00:00\",\"description\":\"Sp\u00e9cialit\u00e9s de poissons, crustac\u00e9s, viandes grill\u00e9es, plats traditionnels dalmates, pizzas, p\u00e2tes, ingr\u00e9dients frais faits maison de la plus haute qualit\u00e9.\",\"breadcrumb\":{\"@id\":\"https:\/\/piccolo-ponte.hr\/fr\/menu\/#breadcrumb\"},\"inLanguage\":\"fr-FR\",\"potentialAction\":[{\"@type\":\"ReadAction\",\"target\":[\"https:\/\/piccolo-ponte.hr\/fr\/menu\/\"]}]},{\"@type\":\"BreadcrumbList\",\"@id\":\"https:\/\/piccolo-ponte.hr\/fr\/menu\/#breadcrumb\",\"itemListElement\":[{\"@type\":\"ListItem\",\"position\":1,\"name\":\"Po\u010detna stranica\",\"item\":\"https:\/\/piccolo-ponte.hr\/fr\/\"},{\"@type\":\"ListItem\",\"position\":2,\"name\":\"Menu\"}]},{\"@type\":\"WebSite\",\"@id\":\"https:\/\/piccolo-ponte.hr\/#website\",\"url\":\"https:\/\/piccolo-ponte.hr\/\",\"name\":\"Restoran Piccolo Ponte\",\"description\":\"\",\"potentialAction\":[{\"@type\":\"SearchAction\",\"target\":{\"@type\":\"EntryPoint\",\"urlTemplate\":\"https:\/\/piccolo-ponte.hr\/?s={search_term_string}\"},\"query-input\":{\"@type\":\"PropertyValueSpecification\",\"valueRequired\":true,\"valueName\":\"search_term_string\"}}],\"inLanguage\":\"fr-FR\"}]}<\/script>\n<!-- \/ Yoast SEO plugin. -->","yoast_head_json":{"title":"Menu - Restaurant Piccolo Ponte","description":"Sp\u00e9cialit\u00e9s de poissons, crustac\u00e9s, viandes grill\u00e9es, plats traditionnels dalmates, pizzas, p\u00e2tes, ingr\u00e9dients frais faits maison de la plus haute qualit\u00e9.","robots":{"index":"index","follow":"follow","max-snippet":"max-snippet:-1","max-image-preview":"max-image-preview:large","max-video-preview":"max-video-preview:-1"},"canonical":"https:\/\/piccolo-ponte.hr\/fr\/menu\/","og_locale":"fr_FR","og_type":"article","og_title":"Menu - Restaurant Piccolo Ponte","og_description":"Sp\u00e9cialit\u00e9s de poissons, crustac\u00e9s, viandes grill\u00e9es, plats traditionnels dalmates, pizzas, p\u00e2tes, ingr\u00e9dients frais faits maison de la plus haute qualit\u00e9.","og_url":"https:\/\/piccolo-ponte.hr\/fr\/menu\/","og_site_name":"Restoran Piccolo Ponte","article_publisher":"https:\/\/www.facebook.com\/piccoloponte.restaurant\/","article_modified_time":"2023-09-29T08:48:24+00:00","og_image":[{"width":1200,"height":1599,"url":"https:\/\/piccolo-ponte.hr\/wp-content\/uploads\/2021\/05\/riblja-plata-za-dvoje.jpg","type":"image\/jpeg"}],"twitter_card":"summary_large_image","twitter_title":"Menu - Restaurant Piccolo Ponte","twitter_description":"Sp\u00e9cialit\u00e9s de poissons, crustac\u00e9s, viandes grill\u00e9es, plats traditionnels dalmates, pizzas, p\u00e2tes, ingr\u00e9dients frais faits maison de la plus haute qualit\u00e9.","twitter_image":"https:\/\/piccolo-ponte.hr\/wp-content\/uploads\/2021\/05\/riblja-plata-za-dvoje.jpg","twitter_misc":{"Dur\u00e9e de lecture estim\u00e9e":"1 minute"},"schema":{"@context":"https:\/\/schema.org","@graph":[{"@type":"WebPage","@id":"https:\/\/piccolo-ponte.hr\/fr\/menu\/","url":"https:\/\/piccolo-ponte.hr\/fr\/menu\/","name":"Menu - Restaurant Piccolo Ponte","isPartOf":{"@id":"https:\/\/piccolo-ponte.hr\/#website"},"datePublished":"2021-05-11T07:48:52+00:00","dateModified":"2023-09-29T08:48:24+00:00","description":"Sp\u00e9cialit\u00e9s de poissons, crustac\u00e9s, viandes grill\u00e9es, plats traditionnels dalmates, pizzas, p\u00e2tes, ingr\u00e9dients frais faits maison de la plus haute qualit\u00e9.","breadcrumb":{"@id":"https:\/\/piccolo-ponte.hr\/fr\/menu\/#breadcrumb"},"inLanguage":"fr-FR","potentialAction":[{"@type":"ReadAction","target":["https:\/\/piccolo-ponte.hr\/fr\/menu\/"]}]},{"@type":"BreadcrumbList","@id":"https:\/\/piccolo-ponte.hr\/fr\/menu\/#breadcrumb","itemListElement":[{"@type":"ListItem","position":1,"name":"Po\u010detna stranica","item":"https:\/\/piccolo-ponte.hr\/fr\/"},{"@type":"ListItem","position":2,"name":"Menu"}]},{"@type":"WebSite","@id":"https:\/\/piccolo-ponte.hr\/#website","url":"https:\/\/piccolo-ponte.hr\/","name":"Restoran Piccolo Ponte","description":"","potentialAction":[{"@type":"SearchAction","target":{"@type":"EntryPoint","urlTemplate":"https:\/\/piccolo-ponte.hr\/?s={search_term_string}"},"query-input":{"@type":"PropertyValueSpecification","valueRequired":true,"valueName":"search_term_string"}}],"inLanguage":"fr-FR"}]}},"_links":{"self":[{"href":"https:\/\/piccolo-ponte.hr\/fr\/wp-json\/wp\/v2\/pages\/2149","targetHints":{"allow":["GET"]}}],"collection":[{"href":"https:\/\/piccolo-ponte.hr\/fr\/wp-json\/wp\/v2\/pages"}],"about":[{"href":"https:\/\/piccolo-ponte.hr\/fr\/wp-json\/wp\/v2\/types\/page"}],"author":[{"embeddable":true,"href":"https:\/\/piccolo-ponte.hr\/fr\/wp-json\/wp\/v2\/users\/2"}],"replies":[{"embeddable":true,"href":"https:\/\/piccolo-ponte.hr\/fr\/wp-json\/wp\/v2\/comments?post=2149"}],"version-history":[{"count":18,"href":"https:\/\/piccolo-ponte.hr\/fr\/wp-json\/wp\/v2\/pages\/2149\/revisions"}],"predecessor-version":[{"id":3243,"href":"https:\/\/piccolo-ponte.hr\/fr\/wp-json\/wp\/v2\/pages\/2149\/revisions\/3243"}],"wp:attachment":[{"href":"https:\/\/piccolo-ponte.hr\/fr\/wp-json\/wp\/v2\/media?parent=2149"}],"curies":[{"name":"wp","href":"https:\/\/api.w.org\/{rel}","templated":true}]}}