{"id":1444,"date":"2021-05-11T09:48:31","date_gmt":"2021-05-11T07:48:31","guid":{"rendered":"https:\/\/piccolo-ponte.hr\/restoran\/"},"modified":"2021-06-25T12:20:16","modified_gmt":"2021-06-25T10:20:16","slug":"ristorante","status":"publish","type":"page","link":"https:\/\/piccolo-ponte.hr\/it\/ristorante\/","title":{"rendered":"Ristorante"},"content":{"rendered":"\r\n<p style=\"text-align: center;\">Piccolo Ponte \u00e8 un ristorante familiare situato nel centro del patrimonio culturale dell&#8217;UNESCO di Trogir (Tra\u00f9).<br \/>Il ristorante ha aperto le sue porte nel 2011 dopo molti anni di esperienza di lavoro del proprietario in Italia (Ravenna).<br \/>L&#8217;ambiente tranquillo nel centro della citt\u00e0 offre un&#8217;atmosfera rilassante ai nostri ospiti.<br \/>Un bellissimo piccolo parco sullo sfondo del ristorante offre un&#8217;oasi di verde nelle strade acciottolate di Trogir (Tra\u00f9).<br \/>La distanza di soli 60 metri dal lungomare garantisce la pace, e tuttavia una distanza conveniente da tutti gli avvenimenti della citt\u00e0.<br \/>Per i nostri ospiti pi\u00f9 piccoli c\u2019\u00e8 un parco giochi per bambini che si trova a 50 metri dal ristorante.<\/p>\r\n","protected":false},"excerpt":{"rendered":"<p>Piccolo Ponte \u00e8 un ristorante familiare situato nel centro del patrimonio culturale dell&#8217;UNESCO di Trogir (Tra\u00f9).Il ristorante ha aperto le sue porte nel 2011 dopo molti anni di esperienza di lavoro del proprietario in Italia (Ravenna).L&#8217;ambiente tranquillo nel centro della citt\u00e0 offre un&#8217;atmosfera rilassante ai nostri ospiti.Un bellissimo piccolo parco sullo sfondo del ristorante offre [&hellip;]<\/p>\n","protected":false},"author":2,"featured_media":0,"parent":0,"menu_order":0,"comment_status":"closed","ping_status":"closed","template":"page-restaurant.php","meta":{"_acf_changed":false,"footnotes":""},"class_list":["post-1444","page","type-page","status-publish","hentry"],"acf":[],"yoast_head":"<!-- This site is optimized with the Yoast SEO plugin v27.2 - https:\/\/yoast.com\/product\/yoast-seo-wordpress\/ -->\n<title>Ristorante familiare Piccolo Ponte<\/title>\n<meta name=\"description\" content=\"Ristorante familiare nel centro del patrimonio culturale dell&#039;UNESCO di Trogir (Tra\u00f9). Ambiente tranquillo nel centro della citt\u00e0 a soli 60 metri dal lungomare di Trogir (Tra\u00f9).\" \/>\n<meta name=\"robots\" content=\"index, follow, max-snippet:-1, max-image-preview:large, max-video-preview:-1\" \/>\n<link rel=\"canonical\" href=\"https:\/\/piccolo-ponte.hr\/it\/ristorante\/\" \/>\n<meta property=\"og:locale\" content=\"it_IT\" \/>\n<meta property=\"og:type\" content=\"article\" \/>\n<meta property=\"og:title\" content=\"Ristorante familiare Piccolo Ponte\" \/>\n<meta property=\"og:description\" content=\"Ristorante familiare nel centro del patrimonio culturale dell&#039;UNESCO di Trogir (Tra\u00f9). Ambiente tranquillo nel centro della citt\u00e0 a soli 60 metri dal lungomare di Trogir (Tra\u00f9).\" \/>\n<meta property=\"og:url\" content=\"https:\/\/piccolo-ponte.hr\/it\/ristorante\/\" \/>\n<meta property=\"og:site_name\" content=\"Restoran Piccolo Ponte\" \/>\n<meta property=\"article:publisher\" content=\"https:\/\/www.facebook.com\/piccoloponte.restaurant\/\" \/>\n<meta property=\"article:modified_time\" content=\"2021-06-25T10:20:16+00:00\" \/>\n<meta property=\"og:image\" content=\"https:\/\/piccolo-ponte.hr\/wp-content\/uploads\/2021\/05\/0754fd38-04dd-49cb-a4c4-0d947e4a75a8.jpg\" \/>\n\t<meta property=\"og:image:width\" content=\"777\" \/>\n\t<meta property=\"og:image:height\" content=\"777\" \/>\n\t<meta property=\"og:image:type\" content=\"image\/jpeg\" \/>\n<meta name=\"twitter:card\" content=\"summary_large_image\" \/>\n<meta name=\"twitter:title\" content=\"Ristorante familiare Piccolo Ponte\" \/>\n<meta name=\"twitter:description\" content=\"Ristorante familiare nel centro del patrimonio culturale dell&#039;UNESCO di Trogir (Tra\u00f9). Ambiente tranquillo nel centro della citt\u00e0 a soli 60 metri dal lungomare di Trogir (Tra\u00f9).\" \/>\n<meta name=\"twitter:image\" content=\"https:\/\/piccolo-ponte.hr\/wp-content\/uploads\/2021\/05\/0754fd38-04dd-49cb-a4c4-0d947e4a75a8.jpg\" \/>\n<meta name=\"twitter:label1\" content=\"Tempo di lettura stimato\" \/>\n\t<meta name=\"twitter:data1\" content=\"1 minuto\" \/>\n<script type=\"application\/ld+json\" class=\"yoast-schema-graph\">{\"@context\":\"https:\/\/schema.org\",\"@graph\":[{\"@type\":\"WebPage\",\"@id\":\"https:\/\/piccolo-ponte.hr\/it\/ristorante\/\",\"url\":\"https:\/\/piccolo-ponte.hr\/it\/ristorante\/\",\"name\":\"Ristorante familiare Piccolo Ponte\",\"isPartOf\":{\"@id\":\"https:\/\/piccolo-ponte.hr\/#website\"},\"datePublished\":\"2021-05-11T07:48:31+00:00\",\"dateModified\":\"2021-06-25T10:20:16+00:00\",\"description\":\"Ristorante familiare nel centro del patrimonio culturale dell'UNESCO di Trogir (Tra\u00f9). Ambiente tranquillo nel centro della citt\u00e0 a soli 60 metri dal lungomare di Trogir (Tra\u00f9).\",\"breadcrumb\":{\"@id\":\"https:\/\/piccolo-ponte.hr\/it\/ristorante\/#breadcrumb\"},\"inLanguage\":\"it-IT\",\"potentialAction\":[{\"@type\":\"ReadAction\",\"target\":[\"https:\/\/piccolo-ponte.hr\/it\/ristorante\/\"]}]},{\"@type\":\"BreadcrumbList\",\"@id\":\"https:\/\/piccolo-ponte.hr\/it\/ristorante\/#breadcrumb\",\"itemListElement\":[{\"@type\":\"ListItem\",\"position\":1,\"name\":\"Po\u010detna stranica\",\"item\":\"https:\/\/piccolo-ponte.hr\/it\/\"},{\"@type\":\"ListItem\",\"position\":2,\"name\":\"Ristorante\"}]},{\"@type\":\"WebSite\",\"@id\":\"https:\/\/piccolo-ponte.hr\/#website\",\"url\":\"https:\/\/piccolo-ponte.hr\/\",\"name\":\"Restoran Piccolo Ponte\",\"description\":\"\",\"potentialAction\":[{\"@type\":\"SearchAction\",\"target\":{\"@type\":\"EntryPoint\",\"urlTemplate\":\"https:\/\/piccolo-ponte.hr\/?s={search_term_string}\"},\"query-input\":{\"@type\":\"PropertyValueSpecification\",\"valueRequired\":true,\"valueName\":\"search_term_string\"}}],\"inLanguage\":\"it-IT\"}]}<\/script>\n<!-- \/ Yoast SEO plugin. -->","yoast_head_json":{"title":"Ristorante familiare Piccolo Ponte","description":"Ristorante familiare nel centro del patrimonio culturale dell'UNESCO di Trogir (Tra\u00f9). Ambiente tranquillo nel centro della citt\u00e0 a soli 60 metri dal lungomare di Trogir (Tra\u00f9).","robots":{"index":"index","follow":"follow","max-snippet":"max-snippet:-1","max-image-preview":"max-image-preview:large","max-video-preview":"max-video-preview:-1"},"canonical":"https:\/\/piccolo-ponte.hr\/it\/ristorante\/","og_locale":"it_IT","og_type":"article","og_title":"Ristorante familiare Piccolo Ponte","og_description":"Ristorante familiare nel centro del patrimonio culturale dell'UNESCO di Trogir (Tra\u00f9). Ambiente tranquillo nel centro della citt\u00e0 a soli 60 metri dal lungomare di Trogir (Tra\u00f9).","og_url":"https:\/\/piccolo-ponte.hr\/it\/ristorante\/","og_site_name":"Restoran Piccolo Ponte","article_publisher":"https:\/\/www.facebook.com\/piccoloponte.restaurant\/","article_modified_time":"2021-06-25T10:20:16+00:00","og_image":[{"width":777,"height":777,"url":"https:\/\/piccolo-ponte.hr\/wp-content\/uploads\/2021\/05\/0754fd38-04dd-49cb-a4c4-0d947e4a75a8.jpg","type":"image\/jpeg"}],"twitter_card":"summary_large_image","twitter_title":"Ristorante familiare Piccolo Ponte","twitter_description":"Ristorante familiare nel centro del patrimonio culturale dell'UNESCO di Trogir (Tra\u00f9). Ambiente tranquillo nel centro della citt\u00e0 a soli 60 metri dal lungomare di Trogir (Tra\u00f9).","twitter_image":"https:\/\/piccolo-ponte.hr\/wp-content\/uploads\/2021\/05\/0754fd38-04dd-49cb-a4c4-0d947e4a75a8.jpg","twitter_misc":{"Tempo di lettura stimato":"1 minuto"},"schema":{"@context":"https:\/\/schema.org","@graph":[{"@type":"WebPage","@id":"https:\/\/piccolo-ponte.hr\/it\/ristorante\/","url":"https:\/\/piccolo-ponte.hr\/it\/ristorante\/","name":"Ristorante familiare Piccolo Ponte","isPartOf":{"@id":"https:\/\/piccolo-ponte.hr\/#website"},"datePublished":"2021-05-11T07:48:31+00:00","dateModified":"2021-06-25T10:20:16+00:00","description":"Ristorante familiare nel centro del patrimonio culturale dell'UNESCO di Trogir (Tra\u00f9). Ambiente tranquillo nel centro della citt\u00e0 a soli 60 metri dal lungomare di Trogir (Tra\u00f9).","breadcrumb":{"@id":"https:\/\/piccolo-ponte.hr\/it\/ristorante\/#breadcrumb"},"inLanguage":"it-IT","potentialAction":[{"@type":"ReadAction","target":["https:\/\/piccolo-ponte.hr\/it\/ristorante\/"]}]},{"@type":"BreadcrumbList","@id":"https:\/\/piccolo-ponte.hr\/it\/ristorante\/#breadcrumb","itemListElement":[{"@type":"ListItem","position":1,"name":"Po\u010detna stranica","item":"https:\/\/piccolo-ponte.hr\/it\/"},{"@type":"ListItem","position":2,"name":"Ristorante"}]},{"@type":"WebSite","@id":"https:\/\/piccolo-ponte.hr\/#website","url":"https:\/\/piccolo-ponte.hr\/","name":"Restoran Piccolo Ponte","description":"","potentialAction":[{"@type":"SearchAction","target":{"@type":"EntryPoint","urlTemplate":"https:\/\/piccolo-ponte.hr\/?s={search_term_string}"},"query-input":{"@type":"PropertyValueSpecification","valueRequired":true,"valueName":"search_term_string"}}],"inLanguage":"it-IT"}]}},"_links":{"self":[{"href":"https:\/\/piccolo-ponte.hr\/it\/wp-json\/wp\/v2\/pages\/1444","targetHints":{"allow":["GET"]}}],"collection":[{"href":"https:\/\/piccolo-ponte.hr\/it\/wp-json\/wp\/v2\/pages"}],"about":[{"href":"https:\/\/piccolo-ponte.hr\/it\/wp-json\/wp\/v2\/types\/page"}],"author":[{"embeddable":true,"href":"https:\/\/piccolo-ponte.hr\/it\/wp-json\/wp\/v2\/users\/2"}],"replies":[{"embeddable":true,"href":"https:\/\/piccolo-ponte.hr\/it\/wp-json\/wp\/v2\/comments?post=1444"}],"version-history":[{"count":5,"href":"https:\/\/piccolo-ponte.hr\/it\/wp-json\/wp\/v2\/pages\/1444\/revisions"}],"predecessor-version":[{"id":2034,"href":"https:\/\/piccolo-ponte.hr\/it\/wp-json\/wp\/v2\/pages\/1444\/revisions\/2034"}],"wp:attachment":[{"href":"https:\/\/piccolo-ponte.hr\/it\/wp-json\/wp\/v2\/media?parent=1444"}],"curies":[{"name":"wp","href":"https:\/\/api.w.org\/{rel}","templated":true}]}}